{"id":47,"date":"2025-11-04T06:17:12","date_gmt":"2025-11-04T06:17:12","guid":{"rendered":"https:\/\/palevioletred-gull-460803.hostingersite.com\/?page_id=47"},"modified":"2025-11-15T05:39:00","modified_gmt":"2025-11-15T05:39:00","slug":"privacy-policy","status":"publish","type":"page","link":"https:\/\/kiry.ai\/de\/privacy-policy\/","title":{"rendered":"Datenschutzerkl\u00e4rung"},"content":{"rendered":"<div data-elementor-type=\"wp-page\" data-elementor-id=\"47\" class=\"elementor elementor-47\" data-elementor-settings=\"{&quot;ha_cmc_init_switcher&quot;:&quot;no&quot;}\" data-elementor-post-type=\"page\">\n\t\t\t\t<div class=\"elementor-element elementor-element-e825890 e-flex e-con-boxed e-con e-parent\" data-id=\"e825890\" data-element_type=\"container\" data-settings=\"{&quot;background_background&quot;:&quot;classic&quot;,&quot;_ha_eqh_enable&quot;:false}\">\n\t\t\t\t\t<div class=\"e-con-inner\">\n\t\t\t\t<div class=\"elementor-element elementor-element-0e929b4 elementor-widget elementor-widget-heading\" data-id=\"0e929b4\" data-element_type=\"widget\" data-widget_type=\"heading.default\">\n\t\t\t\t\t<h2 class=\"elementor-heading-title elementor-size-default\">Datenschutzerkl\u00e4rung\n<\/h2>\t\t\t\t<\/div>\n\t\t\t\t<div class=\"elementor-element elementor-element-18367e2 elementor-widget elementor-widget-text-editor\" data-id=\"18367e2\" data-element_type=\"widget\" data-widget_type=\"text-editor.default\">\n\t\t\t\t\t\t\t\t\t<p>Wir nehmen den Schutz Ihrer personenbezogenen Daten sehr ernst. Diese Datenschutzerkl\u00e4rung erl\u00e4utert, wie Kiry (\u201ewir\u201c, \u201euns\u201c, \u201eunser\u201c) Ihre personenbezogenen Daten gem\u00e4\u00df der Datenschutz-Grundverordnung (DSGVO) sowie den deutschen Datenschutzgesetzen (BDSG, TTDSG) verarbeitet.<\/p>\t\t\t\t\t\t\t\t<\/div>\n\t\t\t\t<div class=\"elementor-element elementor-element-eaa98c0 elementor-icon-list--layout-traditional elementor-list-item-link-full_width elementor-widget elementor-widget-icon-list\" data-id=\"eaa98c0\" data-element_type=\"widget\" data-widget_type=\"icon-list.default\">\n\t\t\t\t\t\t\t<ul class=\"elementor-icon-list-items\">\n\t\t\t\t\t\t\t<li class=\"elementor-icon-list-item\">\n\t\t\t\t\t\t\t\t\t\t<span class=\"elementor-icon-list-text\">1. Verantwortlicher<\/span>\n\t\t\t\t\t\t\t\t\t<\/li>\n\t\t\t\t\t\t<\/ul>\n\t\t\t\t\t\t<\/div>\n\t\t\t\t<div class=\"elementor-element elementor-element-5ea040e elementor-widget elementor-widget-text-editor\" data-id=\"5ea040e\" data-element_type=\"widget\" data-widget_type=\"text-editor.default\">\n\t\t\t\t\t\t\t\t\t<p>Verantwortlicher im Sinne von Art. 4 Nr. 7 DSGVO ist:<br \/><br \/><strong>GLA-intec UG (haftungsbeschr\u00e4nkt)<\/strong><br \/>Auf den Roden 2a<br \/>28307 Bremen, Germany<br \/>Email:\u00a0<a href=\"mailto:privacy@kiry.ai\">privacy@kiry.ai<\/a><\/p>\t\t\t\t\t\t\t\t<\/div>\n\t\t\t\t<div class=\"elementor-element elementor-element-53eef29 elementor-icon-list--layout-traditional elementor-list-item-link-full_width elementor-widget elementor-widget-icon-list\" data-id=\"53eef29\" data-element_type=\"widget\" data-widget_type=\"icon-list.default\">\n\t\t\t\t\t\t\t<ul class=\"elementor-icon-list-items\">\n\t\t\t\t\t\t\t<li class=\"elementor-icon-list-item\">\n\t\t\t\t\t\t\t\t\t\t<span class=\"elementor-icon-list-text\">2. Kategorien der von uns verarbeiteten Daten<\/span>\n\t\t\t\t\t\t\t\t\t<\/li>\n\t\t\t\t\t\t<\/ul>\n\t\t\t\t\t\t<\/div>\n\t\t\t\t<div class=\"elementor-element elementor-element-4f9f267 elementor-widget elementor-widget-text-editor\" data-id=\"4f9f267\" data-element_type=\"widget\" data-widget_type=\"text-editor.default\">\n\t\t\t\t\t\t\t\t\t<ul><li>Kontaktdaten (Name, E-Mail-Adresse, Firmenname)<\/li><li>Nutzungsdaten (IP-Adresse, Browsertyp, Ger\u00e4teinformationen)<\/li><li>Technische Daten (Cookies, Analysekennungen)<\/li><li>Kommunikationsdaten (Anfragen, Demo-Anfragen)<\/li><\/ul>\t\t\t\t\t\t\t\t<\/div>\n\t\t\t\t<div class=\"elementor-element elementor-element-7079daf elementor-icon-list--layout-traditional elementor-list-item-link-full_width elementor-widget elementor-widget-icon-list\" data-id=\"7079daf\" data-element_type=\"widget\" data-widget_type=\"icon-list.default\">\n\t\t\t\t\t\t\t<ul class=\"elementor-icon-list-items\">\n\t\t\t\t\t\t\t<li class=\"elementor-icon-list-item\">\n\t\t\t\t\t\t\t\t\t\t<span class=\"elementor-icon-list-text\">3. Zweck und Rechtsgrundlage<\/span>\n\t\t\t\t\t\t\t\t\t<\/li>\n\t\t\t\t\t\t<\/ul>\n\t\t\t\t\t\t<\/div>\n\t\t\t\t<div class=\"elementor-element elementor-element-138951e elementor-widget elementor-widget-text-editor\" data-id=\"138951e\" data-element_type=\"widget\" data-widget_type=\"text-editor.default\">\n\t\t\t\t\t\t\t\t\t<ul><li>Zur Bereitstellung und Absicherung unserer Website \u2013 berechtigtes Interesse (Art. 6 Abs. 1 lit. f DSGVO)<\/li><li>Zur Beantwortung von Anfragen \u2013 Vertragserf\u00fcllung (Art. 6 Abs. 1 lit. b DSGVO)<\/li><li>Zur Analyse der Website-Performance \u2013 mit Einwilligung (Art. 6 Abs. 1 lit. a DSGVO)<\/li><li>Zum Versand von Marketingkommunikation \u2013 mit Einwilligung (Art. 6 Abs. 1 lit. a DSGVO)<\/li><\/ul>\t\t\t\t\t\t\t\t<\/div>\n\t\t\t\t<div class=\"elementor-element elementor-element-713a2d1 elementor-icon-list--layout-traditional elementor-list-item-link-full_width elementor-widget elementor-widget-icon-list\" data-id=\"713a2d1\" data-element_type=\"widget\" data-widget_type=\"icon-list.default\">\n\t\t\t\t\t\t\t<ul class=\"elementor-icon-list-items\">\n\t\t\t\t\t\t\t<li class=\"elementor-icon-list-item\">\n\t\t\t\t\t\t\t\t\t\t<span class=\"elementor-icon-list-text\">4. Speicherdauer<\/span>\n\t\t\t\t\t\t\t\t\t<\/li>\n\t\t\t\t\t\t<\/ul>\n\t\t\t\t\t\t<\/div>\n\t\t\t\t<div class=\"elementor-element elementor-element-22aeef9 elementor-widget elementor-widget-text-editor\" data-id=\"22aeef9\" data-element_type=\"widget\" data-widget_type=\"text-editor.default\">\n\t\t\t\t\t\t\t\t\t<ul><li>Wir speichern personenbezogene Daten nur so lange, wie dies f\u00fcr die genannten Zwecke erforderlich ist oder gesetzliche Aufbewahrungspflichten bestehen. Sobald die Daten nicht mehr erforderlich sind, werden sie gem\u00e4\u00df Art. 17 DSGVO gel\u00f6scht oder anonymisiert.<\/li><\/ul>\t\t\t\t\t\t\t\t<\/div>\n\t\t\t\t<div class=\"elementor-element elementor-element-1d40235 elementor-icon-list--layout-traditional elementor-list-item-link-full_width elementor-widget elementor-widget-icon-list\" data-id=\"1d40235\" data-element_type=\"widget\" data-widget_type=\"icon-list.default\">\n\t\t\t\t\t\t\t<ul class=\"elementor-icon-list-items\">\n\t\t\t\t\t\t\t<li class=\"elementor-icon-list-item\">\n\t\t\t\t\t\t\t\t\t\t<span class=\"elementor-icon-list-text\">5. Cookies &amp; Tracking<\/span>\n\t\t\t\t\t\t\t\t\t<\/li>\n\t\t\t\t\t\t<\/ul>\n\t\t\t\t\t\t<\/div>\n\t\t\t\t<div class=\"elementor-element elementor-element-cf43569 elementor-widget elementor-widget-text-editor\" data-id=\"cf43569\" data-element_type=\"widget\" data-widget_type=\"text-editor.default\">\n\t\t\t\t\t\t\t\t\t<ul><li class=\"translation-block\">Wir verwenden notwendige Cookies f\u00fcr die Funktionalit\u00e4t der Website sowie optionale Analyse-Cookies zur Verbesserung der Nutzererfahrung. Sie k\u00f6nnen Ihre Einwilligung jederzeit \u00fcber unsere <a href=\"\/de\/cookies.html\/\" data-fadeout=\"\" target=\"_self\">Cookie-Einstellungen<\/a> \u00e4ndern oder widerrufen.<\/li><\/ul>\t\t\t\t\t\t\t\t<\/div>\n\t\t\t\t<div class=\"elementor-element elementor-element-f4003a8 elementor-icon-list--layout-traditional elementor-list-item-link-full_width elementor-widget elementor-widget-icon-list\" data-id=\"f4003a8\" data-element_type=\"widget\" data-widget_type=\"icon-list.default\">\n\t\t\t\t\t\t\t<ul class=\"elementor-icon-list-items\">\n\t\t\t\t\t\t\t<li class=\"elementor-icon-list-item\">\n\t\t\t\t\t\t\t\t\t\t<span class=\"elementor-icon-list-text\">6. Datenweitergabe und \u00dcbermittlungen<\/span>\n\t\t\t\t\t\t\t\t\t<\/li>\n\t\t\t\t\t\t<\/ul>\n\t\t\t\t\t\t<\/div>\n\t\t\t\t<div class=\"elementor-element elementor-element-25091f9 elementor-widget elementor-widget-text-editor\" data-id=\"25091f9\" data-element_type=\"widget\" data-widget_type=\"text-editor.default\">\n\t\t\t\t\t\t\t\t\t<ul><li>Wir geben personenbezogene Daten ausschlie\u00dflich an Auftragsverarbeiter gem\u00e4\u00df Art. 28 DSGVO weiter, die durch Vertraulichkeits- und Datenschutzvereinbarungen gebunden sind. Erfolgt eine Daten\u00fcbermittlung au\u00dferhalb der EU, werden geeignete Garantien gem\u00e4\u00df Art. 46 DSGVO angewendet.<\/li><\/ul>\t\t\t\t\t\t\t\t<\/div>\n\t\t\t\t<div class=\"elementor-element elementor-element-a500e45 elementor-icon-list--layout-traditional elementor-list-item-link-full_width elementor-widget elementor-widget-icon-list\" data-id=\"a500e45\" data-element_type=\"widget\" data-widget_type=\"icon-list.default\">\n\t\t\t\t\t\t\t<ul class=\"elementor-icon-list-items\">\n\t\t\t\t\t\t\t<li class=\"elementor-icon-list-item\">\n\t\t\t\t\t\t\t\t\t\t<span class=\"elementor-icon-list-text\">7. Ihre Rechte<\/span>\n\t\t\t\t\t\t\t\t\t<\/li>\n\t\t\t\t\t\t<\/ul>\n\t\t\t\t\t\t<\/div>\n\t\t\t\t<div class=\"elementor-element elementor-element-69566b4 elementor-widget elementor-widget-text-editor\" data-id=\"69566b4\" data-element_type=\"widget\" data-widget_type=\"text-editor.default\">\n\t\t\t\t\t\t\t\t\t<ul><li>Recht auf Auskunft (Art. 15 DSGVO)<\/li><li>Recht auf Berichtigung (Art. 16 DSGVO)<\/li><li>Recht auf L\u00f6schung (Art. 17 DSGVO)<\/li><li>Recht auf Einschr\u00e4nkung der Verarbeitung (Art. 18 DSGVO)<\/li><li>Recht auf Daten\u00fcbertragbarkeit (Art. 20 DSGVO)<\/li><li>Widerspruchsrecht (Art. 21 DSGVO)<\/li><li>Recht auf Widerruf der Einwilligung (Art. 7 Abs. 3 DSGVO)<\/li><\/ul><p class=\"translation-block\">Zur Aus\u00fcbung Ihrer Rechte kontaktieren Sie uns bitte unter <a href=\"mailto:privacy@kiry.ai\" target=\"_self\">privacy@kiry.ai\n<\/a>.<\/p>\t\t\t\t\t\t\t\t<\/div>\n\t\t\t\t<div class=\"elementor-element elementor-element-8356ffe elementor-icon-list--layout-traditional elementor-list-item-link-full_width elementor-widget elementor-widget-icon-list\" data-id=\"8356ffe\" data-element_type=\"widget\" data-widget_type=\"icon-list.default\">\n\t\t\t\t\t\t\t<ul class=\"elementor-icon-list-items\">\n\t\t\t\t\t\t\t<li class=\"elementor-icon-list-item\">\n\t\t\t\t\t\t\t\t\t\t<span class=\"elementor-icon-list-text\">8. Ihre Rechte<\/span>\n\t\t\t\t\t\t\t\t\t<\/li>\n\t\t\t\t\t\t<\/ul>\n\t\t\t\t\t\t<\/div>\n\t\t\t\t<div class=\"elementor-element elementor-element-393256f elementor-widget elementor-widget-text-editor\" data-id=\"393256f\" data-element_type=\"widget\" data-widget_type=\"text-editor.default\">\n\t\t\t\t\t\t\t\t\t<p>Wir setzen technische und organisatorische Ma\u00dfnahmen ein, um personenbezogene Daten vor unbefugtem Zugriff oder Missbrauch zu sch\u00fctzen. Die Daten\u00fcbertragung erfolgt verschl\u00fcsselt mittels SSL\/TLS.<\/p>\t\t\t\t\t\t\t\t<\/div>\n\t\t\t\t<div class=\"elementor-element elementor-element-02d37d9 elementor-icon-list--layout-traditional elementor-list-item-link-full_width elementor-widget elementor-widget-icon-list\" data-id=\"02d37d9\" data-element_type=\"widget\" data-widget_type=\"icon-list.default\">\n\t\t\t\t\t\t\t<ul class=\"elementor-icon-list-items\">\n\t\t\t\t\t\t\t<li class=\"elementor-icon-list-item\">\n\t\t\t\t\t\t\t\t\t\t<span class=\"elementor-icon-list-text\">9. Aufsichtsbeh\u00f6rde<\/span>\n\t\t\t\t\t\t\t\t\t<\/li>\n\t\t\t\t\t\t<\/ul>\n\t\t\t\t\t\t<\/div>\n\t\t\t\t<div class=\"elementor-element elementor-element-d57b1ca elementor-widget elementor-widget-text-editor\" data-id=\"d57b1ca\" data-element_type=\"widget\" data-widget_type=\"text-editor.default\">\n\t\t\t\t\t\t\t\t\t<p>Sie haben das Recht, eine Beschwerde bei der f\u00fcr Sie zust\u00e4ndigen Datenschutzaufsichtsbeh\u00f6rde einzureichen. F\u00fcr Kiry ist die zust\u00e4ndige Aufsichtsbeh\u00f6rde:<br \/><br \/><strong>Der Hessische Beauftragte f\u00fcr Datenschutz und Informationsfreiheit (HBDI)<\/strong><br \/>Postfach 3163<br \/>65021 Wiesbaden, Germany<br \/>Website:\u00a0<a href=\"https:\/\/datenschutz.hessen.de\" target=\"_blank\" rel=\"noopener\">datenschutz.hessen.de<\/a><\/p>\t\t\t\t\t\t\t\t<\/div>\n\t\t\t\t<div class=\"elementor-element elementor-element-e46d9c0 elementor-icon-list--layout-traditional elementor-list-item-link-full_width elementor-widget elementor-widget-icon-list\" data-id=\"e46d9c0\" data-element_type=\"widget\" data-widget_type=\"icon-list.default\">\n\t\t\t\t\t\t\t<ul class=\"elementor-icon-list-items\">\n\t\t\t\t\t\t\t<li class=\"elementor-icon-list-item\">\n\t\t\t\t\t\t\t\t\t\t<span class=\"elementor-icon-list-text\"> 10. Aktualisierungen<\/span>\n\t\t\t\t\t\t\t\t\t<\/li>\n\t\t\t\t\t\t<\/ul>\n\t\t\t\t\t\t<\/div>\n\t\t\t\t<div class=\"elementor-element elementor-element-f13ae70 elementor-widget elementor-widget-text-editor\" data-id=\"f13ae70\" data-element_type=\"widget\" data-widget_type=\"text-editor.default\">\n\t\t\t\t\t\t\t\t\t<main><p>Wir behalten uns vor, diese Datenschutzerkl\u00e4rung zu \u00e4ndern, um rechtlichen, technischen oder organisatorischen \u00c4nderungen Rechnung zu tragen. Die jeweils aktuelle Fassung ist jederzeit auf dieser Seite verf\u00fcgbar.<\/p><p><em>Zuletzt aktualisiert: Oktober 2025<\/em><\/p><\/main>\t\t\t\t\t\t\t\t<\/div>\n\t\t\t\t\t<\/div>\n\t\t\t\t<\/div>\n\t\t\t\t<\/div>","protected":false},"excerpt":{"rendered":"<p>Privacy Policy We take data protection seriously. This Privacy Policy explains how Kiry (&#8220;we&#8221;, &#8220;our&#8221;, &#8220;us&#8221;) processes your personal data [&hellip;]<\/p>","protected":false},"author":1,"featured_media":0,"parent":0,"menu_order":0,"comment_status":"closed","ping_status":"closed","template":"","meta":{"site-sidebar-layout":"no-sidebar","site-content-layout":"","ast-site-content-layout":"full-width-container","site-content-style":"default","site-sidebar-style":"default","ast-global-header-display":"","ast-banner-title-visibility":"","ast-main-header-display":"","ast-hfb-above-header-display":"","ast-hfb-below-header-display":"","ast-hfb-mobile-header-display":"","site-post-title":"disabled","ast-breadcrumbs-content":"","ast-featured-img":"disabled","footer-sml-layout":"","theme-transparent-header-meta":"","adv-header-id-meta":"","stick-header-meta":"","header-above-stick-meta":"","header-main-stick-meta":"","header-below-stick-meta":"","astra-migrate-meta-layouts":"default","ast-page-background-enabled":"default","ast-page-background-meta":{"desktop":{"background-color":"var(--ast-global-color-5)","background-image":"","background-repeat":"repeat","background-position":"center center","background-size":"auto","background-attachment":"scroll","background-type":"","background-media":"","overlay-type":"","overlay-color":"","overlay-opacity":"","overlay-gradient":""},"tablet":{"background-color":"","background-image":"","background-repeat":"repeat","background-position":"center center","background-size":"auto","background-attachment":"scroll","background-type":"","background-media":"","overlay-type":"","overlay-color":"","overlay-opacity":"","overlay-gradient":""},"mobile":{"background-color":"","background-image":"","background-repeat":"repeat","background-position":"center center","background-size":"auto","background-attachment":"scroll","background-type":"","background-media":"","overlay-type":"","overlay-color":"","overlay-opacity":"","overlay-gradient":""}},"ast-content-background-meta":{"desktop":{"background-color":"var(--ast-global-color-4)","background-image":"","background-repeat":"repeat","background-position":"center center","background-size":"auto","background-attachment":"scroll","background-type":"","background-media":"","overlay-type":"","overlay-color":"","overlay-opacity":"","overlay-gradient":""},"tablet":{"background-color":"var(--ast-global-color-4)","background-image":"","background-repeat":"repeat","background-position":"center center","background-size":"auto","background-attachment":"scroll","background-type":"","background-media":"","overlay-type":"","overlay-color":"","overlay-opacity":"","overlay-gradient":""},"mobile":{"background-color":"var(--ast-global-color-4)","background-image":"","background-repeat":"repeat","background-position":"center center","background-size":"auto","background-attachment":"scroll","background-type":"","background-media":"","overlay-type":"","overlay-color":"","overlay-opacity":"","overlay-gradient":""}},"footnotes":""},"class_list":["post-47","page","type-page","status-publish","hentry"],"_links":{"self":[{"href":"https:\/\/kiry.ai\/de\/wp-json\/wp\/v2\/pages\/47","targetHints":{"allow":["GET"]}}],"collection":[{"href":"https:\/\/kiry.ai\/de\/wp-json\/wp\/v2\/pages"}],"about":[{"href":"https:\/\/kiry.ai\/de\/wp-json\/wp\/v2\/types\/page"}],"author":[{"embeddable":true,"href":"https:\/\/kiry.ai\/de\/wp-json\/wp\/v2\/users\/1"}],"replies":[{"embeddable":true,"href":"https:\/\/kiry.ai\/de\/wp-json\/wp\/v2\/comments?post=47"}],"version-history":[{"count":79,"href":"https:\/\/kiry.ai\/de\/wp-json\/wp\/v2\/pages\/47\/revisions"}],"predecessor-version":[{"id":1313,"href":"https:\/\/kiry.ai\/de\/wp-json\/wp\/v2\/pages\/47\/revisions\/1313"}],"wp:attachment":[{"href":"https:\/\/kiry.ai\/de\/wp-json\/wp\/v2\/media?parent=47"}],"curies":[{"name":"wp","href":"https:\/\/api.w.org\/{rel}","templated":true}]}}